{"id":805,"date":"2025-05-27T01:42:51","date_gmt":"2025-05-27T06:42:51","guid":{"rendered":"https:\/\/www.fsvbarefoot.com\/?post_type=product&#038;p=805"},"modified":"2025-10-23T19:00:19","modified_gmt":"2025-10-24T00:00:19","slug":"fsv-kids-city","status":"publish","type":"product","link":"https:\/\/www.fsvbarefoot.com\/es\/shop\/fsv-kids-city\/","title":{"rendered":"FSV Kids City"},"content":{"rendered":"<div class=\"row gx-3 gy-3\">\n<div class=\"col-12 col-lg-6\"><img loading=\"lazy\" decoding=\"async\" class=\"img-fluid\" src=\"https:\/\/www.fsvbarefoot.com\/wp-content\/uploads\/2025\/05\/28.jpg\" alt=\"\" width=\"680\" height=\"900\" \/><\/div>\n<div class=\"col-12 col-lg-6\"><img loading=\"lazy\" decoding=\"async\" class=\"img-fluid\" src=\"https:\/\/www.fsvbarefoot.com\/wp-content\/uploads\/2025\/05\/OCT1.jpg\" alt=\"\" width=\"680\" height=\"900\" \/><\/div>\n<div class=\"col-12\"><img loading=\"lazy\" decoding=\"async\" class=\"img-fluid\" src=\"https:\/\/www.fsvbarefoot.com\/wp-content\/uploads\/2025\/05\/18.jpg\" alt=\"\" width=\"980\" height=\"441\" \/><\/div>\n<\/div>\n","protected":false},"excerpt":{"rendered":"<p>El modelo CITY es un dise\u00f1o m\u00e1s urbano y casual, de materiales como la gamuza y el cuero vegano. Son ediciones m\u00e1s exclusivas y, as\u00ed como todos los modelos de FSV, lucen muy bien.<\/p>\n","protected":false},"featured_media":874,"comment_status":"closed","ping_status":"closed","template":"","meta":{"inline_featured_image":false},"tipo":[],"location":[50,51],"product_brand":[],"product_cat":[53],"product_tag":[],"class_list":{"0":"post-805","1":"product","2":"type-product","3":"status-publish","4":"has-post-thumbnail","6":"location-peru","7":"location-usa","8":"product_cat-kids","10":"first","11":"instock","12":"taxable","13":"shipping-taxable","14":"purchasable","15":"product-type-variable","16":"has-default-attributes","17":"wvs-archive-product-wrapper"},"acf":[],"locations":[{"id":50,"name":"Per\u00fa","slug":"peru","quantity":""},{"id":51,"name":"Usa","slug":"usa","quantity":""}],"_links":{"self":[{"href":"https:\/\/www.fsvbarefoot.com\/es\/wp-json\/wp\/v2\/product\/805","targetHints":{"allow":["GET"]}}],"collection":[{"href":"https:\/\/www.fsvbarefoot.com\/es\/wp-json\/wp\/v2\/product"}],"about":[{"href":"https:\/\/www.fsvbarefoot.com\/es\/wp-json\/wp\/v2\/types\/product"}],"replies":[{"embeddable":true,"href":"https:\/\/www.fsvbarefoot.com\/es\/wp-json\/wp\/v2\/comments?post=805"}],"wp:featuredmedia":[{"embeddable":true,"href":"https:\/\/www.fsvbarefoot.com\/es\/wp-json\/wp\/v2\/media\/874"}],"wp:attachment":[{"href":"https:\/\/www.fsvbarefoot.com\/es\/wp-json\/wp\/v2\/media?parent=805"}],"wp:term":[{"taxonomy":"tipo","embeddable":true,"href":"https:\/\/www.fsvbarefoot.com\/es\/wp-json\/wp\/v2\/tipo?post=805"},{"taxonomy":"location","embeddable":true,"href":"https:\/\/www.fsvbarefoot.com\/es\/wp-json\/wp\/v2\/location?post=805"},{"taxonomy":"product_brand","embeddable":true,"href":"https:\/\/www.fsvbarefoot.com\/es\/wp-json\/wp\/v2\/product_brand?post=805"},{"taxonomy":"product_cat","embeddable":true,"href":"https:\/\/www.fsvbarefoot.com\/es\/wp-json\/wp\/v2\/product_cat?post=805"},{"taxonomy":"product_tag","embeddable":true,"href":"https:\/\/www.fsvbarefoot.com\/es\/wp-json\/wp\/v2\/product_tag?post=805"}],"curies":[{"name":"wp","href":"https:\/\/api.w.org\/{rel}","templated":true}]}}