{"id":714,"date":"2025-05-27T00:00:26","date_gmt":"2025-05-27T05:00:26","guid":{"rendered":"https:\/\/www.fsvbarefoot.com\/?post_type=product&#038;p=714"},"modified":"2025-10-23T19:03:49","modified_gmt":"2025-10-24T00:03:49","slug":"fsv-kids-walkie","status":"publish","type":"product","link":"https:\/\/www.fsvbarefoot.com\/es\/shop\/fsv-kids-walkie\/","title":{"rendered":"FSV Kids Walkie"},"content":{"rendered":"<div class=\"row gx-3 gy-3\">\n<div class=\"col-12 col-lg-7\"><img loading=\"lazy\" decoding=\"async\" class=\"img-fluid\" src=\"https:\/\/www.fsvbarefoot.com\/wp-content\/uploads\/2025\/05\/20.jpg\" alt=\"\" width=\"654\" height=\"980\" \/><\/div>\n<div class=\"col-12 col-lg-5\">\n<div class=\"mb-3\"><img loading=\"lazy\" decoding=\"async\" class=\"img-fluid\" src=\"https:\/\/www.fsvbarefoot.com\/wp-content\/uploads\/2025\/05\/28-1.jpg\" alt=\"\" width=\"560\" height=\"600\" \/><\/div>\n<p><img loading=\"lazy\" decoding=\"async\" class=\"img-fluid\" src=\"https:\/\/www.fsvbarefoot.com\/wp-content\/uploads\/2025\/05\/27-1.jpg\" alt=\"\" width=\"560\" height=\"560\" \/><\/p>\n<\/div>\n<\/div>\n","protected":false},"excerpt":{"rendered":"<p>Las FSV WALKIE son un modelo dise\u00f1ado para los primeros pasos, pero tambi\u00e9n hay tallas para los m\u00e1s grandes. El material es un tejido flexible que ayuda a la movilidad del pie y luce muy casual para el d\u00eda a d\u00eda del peque.<\/p>\n","protected":false},"featured_media":804,"comment_status":"closed","ping_status":"closed","template":"","meta":{"inline_featured_image":false},"tipo":[],"location":[50,51],"product_brand":[],"product_cat":[53],"product_tag":[],"class_list":{"0":"post-714","1":"product","2":"type-product","3":"status-publish","4":"has-post-thumbnail","6":"location-peru","7":"location-usa","8":"product_cat-kids","10":"first","11":"instock","12":"taxable","13":"shipping-taxable","14":"purchasable","15":"product-type-variable","16":"has-default-attributes","17":"wvs-archive-product-wrapper"},"acf":[],"locations":[{"id":50,"name":"Per\u00fa","slug":"peru","quantity":""},{"id":51,"name":"Usa","slug":"usa","quantity":""}],"_links":{"self":[{"href":"https:\/\/www.fsvbarefoot.com\/es\/wp-json\/wp\/v2\/product\/714","targetHints":{"allow":["GET"]}}],"collection":[{"href":"https:\/\/www.fsvbarefoot.com\/es\/wp-json\/wp\/v2\/product"}],"about":[{"href":"https:\/\/www.fsvbarefoot.com\/es\/wp-json\/wp\/v2\/types\/product"}],"replies":[{"embeddable":true,"href":"https:\/\/www.fsvbarefoot.com\/es\/wp-json\/wp\/v2\/comments?post=714"}],"wp:featuredmedia":[{"embeddable":true,"href":"https:\/\/www.fsvbarefoot.com\/es\/wp-json\/wp\/v2\/media\/804"}],"wp:attachment":[{"href":"https:\/\/www.fsvbarefoot.com\/es\/wp-json\/wp\/v2\/media?parent=714"}],"wp:term":[{"taxonomy":"tipo","embeddable":true,"href":"https:\/\/www.fsvbarefoot.com\/es\/wp-json\/wp\/v2\/tipo?post=714"},{"taxonomy":"location","embeddable":true,"href":"https:\/\/www.fsvbarefoot.com\/es\/wp-json\/wp\/v2\/location?post=714"},{"taxonomy":"product_brand","embeddable":true,"href":"https:\/\/www.fsvbarefoot.com\/es\/wp-json\/wp\/v2\/product_brand?post=714"},{"taxonomy":"product_cat","embeddable":true,"href":"https:\/\/www.fsvbarefoot.com\/es\/wp-json\/wp\/v2\/product_cat?post=714"},{"taxonomy":"product_tag","embeddable":true,"href":"https:\/\/www.fsvbarefoot.com\/es\/wp-json\/wp\/v2\/product_tag?post=714"}],"curies":[{"name":"wp","href":"https:\/\/api.w.org\/{rel}","templated":true}]}}