{"id":424,"date":"2025-05-26T19:40:47","date_gmt":"2025-05-27T00:40:47","guid":{"rendered":"https:\/\/www.fsvbarefoot.com\/?post_type=product&#038;p=424"},"modified":"2025-07-09T14:15:56","modified_gmt":"2025-07-09T19:15:56","slug":"fsv-hiker","status":"publish","type":"product","link":"https:\/\/www.fsvbarefoot.com\/es\/shop\/fsv-hiker\/","title":{"rendered":"FSV Hiker Classic"},"content":{"rendered":"<div class=\"row gx-3 gy-3\">\n<div class=\"col-12 col-lg-6\">\n<div class=\"mb-3\"><img loading=\"lazy\" decoding=\"async\" class=\"img-fluid\" src=\"https:\/\/www.fsvbarefoot.com\/wp-content\/uploads\/2025\/05\/DSC01691.jpg\" alt=\"\" width=\"653\" height=\"980\" \/><\/div>\n<p><img loading=\"lazy\" decoding=\"async\" class=\"img-fluid\" src=\"https:\/\/www.fsvbarefoot.com\/wp-content\/uploads\/2025\/05\/IMG_3913_VSCO.jpg\" alt=\"\" width=\"680\" height=\"851\" \/><\/p>\n<\/div>\n<div class=\"col-12 col-lg-6\">\n<div class=\"mb-3\"><img loading=\"lazy\" decoding=\"async\" class=\"img-fluid\" src=\"https:\/\/www.fsvbarefoot.com\/wp-content\/uploads\/2025\/05\/DSC01642.jpg\" alt=\"\" width=\"680\" height=\"543\" \/><\/div>\n<div class=\"mb-3\"><img loading=\"lazy\" decoding=\"async\" class=\"img-fluid\" src=\"https:\/\/www.fsvbarefoot.com\/wp-content\/uploads\/2025\/05\/DSC02943_VSCO.jpg\" alt=\"\" width=\"680\" height=\"849\" \/><\/div>\n<p><img loading=\"lazy\" decoding=\"async\" class=\"img-fluid\" src=\"https:\/\/www.fsvbarefoot.com\/wp-content\/uploads\/2025\/05\/DSC01649.jpg\" alt=\"\" width=\"680\" height=\"849\" \/><\/p>\n<\/div>\n<\/div>\n","protected":false},"excerpt":{"rendered":"<p>FSV HIKER son una combinaci\u00f3n de todo terreno, perfectas para el senderismo y con un estilo inigualable para usarlas en la ciudad. Con una suela de 4 mm de espesor y 3 mil\u00edmetros de cocada, a\u00fan tienes la sensaci\u00f3n de estar conectado al piso, teniendo una cocada especial y dise\u00f1ada para adherirse a cualquier terreno. La capellada es de un material impermeable para mantener el interior seco ante cualquier contacto externo con el agua o nieve.<\/p>\n","protected":false},"featured_media":477,"comment_status":"closed","ping_status":"closed","template":"","meta":{"inline_featured_image":false},"tipo":[],"location":[50,51],"product_brand":[],"product_cat":[48,35,58,52],"product_tag":[],"class_list":{"0":"post-424","1":"product","2":"type-product","3":"status-publish","4":"has-post-thumbnail","6":"location-peru","7":"location-usa","8":"product_cat-men","9":"product_cat-outdoor","10":"product_cat-outdoor-women","11":"product_cat-women","13":"first","14":"instock","15":"taxable","16":"shipping-taxable","17":"purchasable","18":"product-type-variable","19":"has-default-attributes","20":"wvs-archive-product-wrapper"},"acf":[],"locations":[{"id":50,"name":"Per\u00fa","slug":"peru","quantity":""},{"id":51,"name":"Usa","slug":"usa","quantity":""}],"_links":{"self":[{"href":"https:\/\/www.fsvbarefoot.com\/es\/wp-json\/wp\/v2\/product\/424","targetHints":{"allow":["GET"]}}],"collection":[{"href":"https:\/\/www.fsvbarefoot.com\/es\/wp-json\/wp\/v2\/product"}],"about":[{"href":"https:\/\/www.fsvbarefoot.com\/es\/wp-json\/wp\/v2\/types\/product"}],"replies":[{"embeddable":true,"href":"https:\/\/www.fsvbarefoot.com\/es\/wp-json\/wp\/v2\/comments?post=424"}],"wp:featuredmedia":[{"embeddable":true,"href":"https:\/\/www.fsvbarefoot.com\/es\/wp-json\/wp\/v2\/media\/477"}],"wp:attachment":[{"href":"https:\/\/www.fsvbarefoot.com\/es\/wp-json\/wp\/v2\/media?parent=424"}],"wp:term":[{"taxonomy":"tipo","embeddable":true,"href":"https:\/\/www.fsvbarefoot.com\/es\/wp-json\/wp\/v2\/tipo?post=424"},{"taxonomy":"location","embeddable":true,"href":"https:\/\/www.fsvbarefoot.com\/es\/wp-json\/wp\/v2\/location?post=424"},{"taxonomy":"product_brand","embeddable":true,"href":"https:\/\/www.fsvbarefoot.com\/es\/wp-json\/wp\/v2\/product_brand?post=424"},{"taxonomy":"product_cat","embeddable":true,"href":"https:\/\/www.fsvbarefoot.com\/es\/wp-json\/wp\/v2\/product_cat?post=424"},{"taxonomy":"product_tag","embeddable":true,"href":"https:\/\/www.fsvbarefoot.com\/es\/wp-json\/wp\/v2\/product_tag?post=424"}],"curies":[{"name":"wp","href":"https:\/\/api.w.org\/{rel}","templated":true}]}}