{"id":369,"date":"2025-05-26T19:27:34","date_gmt":"2025-05-27T00:27:34","guid":{"rendered":"https:\/\/www.fsvbarefoot.com\/?post_type=product&#038;p=369"},"modified":"2025-05-30T00:51:57","modified_gmt":"2025-05-30T05:51:57","slug":"fsv-city","status":"publish","type":"product","link":"https:\/\/www.fsvbarefoot.com\/es\/shop\/fsv-city\/","title":{"rendered":"FSV City"},"content":{"rendered":"<div class=\"row gy-3 gx-3\">\n<div class=\"col-12 col-lg-6\"><img loading=\"lazy\" decoding=\"async\" class=\"img-fluid\" src=\"https:\/\/www.fsvbarefoot.com\/wp-content\/uploads\/2025\/05\/DSC01755.jpg\" alt=\"\" width=\"512\" height=\"980\" \/><\/div>\n<div class=\"col-12 col-lg-6\">\n<div class=\"mb-3\"><img loading=\"lazy\" decoding=\"async\" class=\"img-fluid\" src=\"https:\/\/www.fsvbarefoot.com\/wp-content\/uploads\/2025\/05\/48.jpg\" alt=\"\" width=\"680\" height=\"630\" \/><\/div>\n<div><img loading=\"lazy\" decoding=\"async\" class=\"img-fluid\" src=\"https:\/\/www.fsvbarefoot.com\/wp-content\/uploads\/2025\/05\/55.jpg\" alt=\"\" width=\"680\" height=\"630\" \/><\/div>\n<\/div>\n<\/div>\n","protected":false},"excerpt":{"rendered":"<p>Las FSV CITY son un modelo m\u00e1s fresco pero con un toque sutil para el d\u00eda a d\u00eda y la oficina. Tienen una suela de 3.5 mil\u00edmetros y una capellada de gamuza y cuero vegano. Muy c\u00f3modas para caminar y para usarlas en todo momento.<\/p>\n","protected":false},"featured_media":423,"comment_status":"closed","ping_status":"closed","template":"","meta":{"inline_featured_image":false},"tipo":[],"location":[50,51],"product_brand":[],"product_cat":[54,57,48,52],"product_tag":[],"class_list":{"0":"post-369","1":"product","2":"type-product","3":"status-publish","4":"has-post-thumbnail","6":"location-peru","7":"location-usa","8":"product_cat-casual","9":"product_cat-casual-women","10":"product_cat-men","11":"product_cat-women","13":"first","14":"instock","15":"taxable","16":"shipping-taxable","17":"purchasable","18":"product-type-variable","19":"has-default-attributes","20":"wvs-archive-product-wrapper"},"acf":[],"locations":[{"id":50,"name":"Per\u00fa","slug":"peru","quantity":""},{"id":51,"name":"Usa","slug":"usa","quantity":""}],"_links":{"self":[{"href":"https:\/\/www.fsvbarefoot.com\/es\/wp-json\/wp\/v2\/product\/369","targetHints":{"allow":["GET"]}}],"collection":[{"href":"https:\/\/www.fsvbarefoot.com\/es\/wp-json\/wp\/v2\/product"}],"about":[{"href":"https:\/\/www.fsvbarefoot.com\/es\/wp-json\/wp\/v2\/types\/product"}],"replies":[{"embeddable":true,"href":"https:\/\/www.fsvbarefoot.com\/es\/wp-json\/wp\/v2\/comments?post=369"}],"wp:featuredmedia":[{"embeddable":true,"href":"https:\/\/www.fsvbarefoot.com\/es\/wp-json\/wp\/v2\/media\/423"}],"wp:attachment":[{"href":"https:\/\/www.fsvbarefoot.com\/es\/wp-json\/wp\/v2\/media?parent=369"}],"wp:term":[{"taxonomy":"tipo","embeddable":true,"href":"https:\/\/www.fsvbarefoot.com\/es\/wp-json\/wp\/v2\/tipo?post=369"},{"taxonomy":"location","embeddable":true,"href":"https:\/\/www.fsvbarefoot.com\/es\/wp-json\/wp\/v2\/location?post=369"},{"taxonomy":"product_brand","embeddable":true,"href":"https:\/\/www.fsvbarefoot.com\/es\/wp-json\/wp\/v2\/product_brand?post=369"},{"taxonomy":"product_cat","embeddable":true,"href":"https:\/\/www.fsvbarefoot.com\/es\/wp-json\/wp\/v2\/product_cat?post=369"},{"taxonomy":"product_tag","embeddable":true,"href":"https:\/\/www.fsvbarefoot.com\/es\/wp-json\/wp\/v2\/product_tag?post=369"}],"curies":[{"name":"wp","href":"https:\/\/api.w.org\/{rel}","templated":true}]}}