{"id":284,"date":"2025-05-26T19:01:29","date_gmt":"2025-05-27T00:01:29","guid":{"rendered":"https:\/\/www.fsvbarefoot.com\/?post_type=product&#038;p=284"},"modified":"2025-05-30T00:50:18","modified_gmt":"2025-05-30T05:50:18","slug":"fsv-alpha-stride","status":"publish","type":"product","link":"https:\/\/www.fsvbarefoot.com\/es\/shop\/fsv-alpha-stride\/","title":{"rendered":"FSV Alpha Stride"},"content":{"rendered":"<div class=\"row gy-3 gx-3\">\n<div class=\"col-12 col-lg-7\"><img loading=\"lazy\" decoding=\"async\" class=\"img-fluid\" src=\"https:\/\/www.fsvbarefoot.com\/wp-content\/uploads\/2025\/05\/DSC01719.jpg\" alt=\"\" width=\"785\" height=\"980\" \/><\/div>\n<div class=\"col-12 col-lg-5\">\n<div class=\"mb-3\"><img loading=\"lazy\" decoding=\"async\" class=\"img-fluid\" src=\"https:\/\/www.fsvbarefoot.com\/wp-content\/uploads\/2025\/05\/DSC01861.jpg\" alt=\"\" width=\"560\" height=\"447\" \/><\/div>\n<div><img loading=\"lazy\" decoding=\"async\" class=\"img-fluid\" src=\"https:\/\/www.fsvbarefoot.com\/wp-content\/uploads\/2025\/05\/44.jpg\" alt=\"\" width=\"560\" height=\"512\" \/><\/div>\n<\/div>\n<\/div>\n","protected":false},"excerpt":{"rendered":"<p>Las FSV Alpha Stride son ideales para el d\u00eda a d\u00eda. Elegancia y urbano en un solo modelo, una combinaci\u00f3n para cualquier situaci\u00f3n del d\u00eda a d\u00eda. Con una suela de 3.5 mil\u00edmetros de espesor y una capellada de gamuza sint\u00e9tica, las Alpha Stride son perfectas para caminar de la manera m\u00e1s c\u00f3moda.<\/p>\n<p><strong>Materiales:<\/strong> 100% Gamuza vegana<br \/>\n<strong>Suela:<\/strong> Caucho sint\u00e9tico de 3.5 mil\u00edmetros de espesor con una soluci\u00f3n al exterior para tener mejor agarre al suelo.<br \/>\n<strong>Alpha Stride Breath Edition:<\/strong> 70% Gamuza, 30% Pixel<\/p>\n","protected":false},"featured_media":365,"comment_status":"closed","ping_status":"closed","template":"","meta":{"inline_featured_image":false},"tipo":[],"location":[50,51],"product_brand":[],"product_cat":[54,57,48,52],"product_tag":[],"class_list":{"0":"post-284","1":"product","2":"type-product","3":"status-publish","4":"has-post-thumbnail","6":"location-peru","7":"location-usa","8":"product_cat-casual","9":"product_cat-casual-women","10":"product_cat-men","11":"product_cat-women","13":"first","14":"instock","15":"taxable","16":"shipping-taxable","17":"purchasable","18":"product-type-variable","19":"has-default-attributes","20":"wvs-archive-product-wrapper"},"acf":[],"locations":[{"id":50,"name":"Per\u00fa","slug":"peru","quantity":""},{"id":51,"name":"Usa","slug":"usa","quantity":""}],"_links":{"self":[{"href":"https:\/\/www.fsvbarefoot.com\/es\/wp-json\/wp\/v2\/product\/284","targetHints":{"allow":["GET"]}}],"collection":[{"href":"https:\/\/www.fsvbarefoot.com\/es\/wp-json\/wp\/v2\/product"}],"about":[{"href":"https:\/\/www.fsvbarefoot.com\/es\/wp-json\/wp\/v2\/types\/product"}],"replies":[{"embeddable":true,"href":"https:\/\/www.fsvbarefoot.com\/es\/wp-json\/wp\/v2\/comments?post=284"}],"wp:featuredmedia":[{"embeddable":true,"href":"https:\/\/www.fsvbarefoot.com\/es\/wp-json\/wp\/v2\/media\/365"}],"wp:attachment":[{"href":"https:\/\/www.fsvbarefoot.com\/es\/wp-json\/wp\/v2\/media?parent=284"}],"wp:term":[{"taxonomy":"tipo","embeddable":true,"href":"https:\/\/www.fsvbarefoot.com\/es\/wp-json\/wp\/v2\/tipo?post=284"},{"taxonomy":"location","embeddable":true,"href":"https:\/\/www.fsvbarefoot.com\/es\/wp-json\/wp\/v2\/location?post=284"},{"taxonomy":"product_brand","embeddable":true,"href":"https:\/\/www.fsvbarefoot.com\/es\/wp-json\/wp\/v2\/product_brand?post=284"},{"taxonomy":"product_cat","embeddable":true,"href":"https:\/\/www.fsvbarefoot.com\/es\/wp-json\/wp\/v2\/product_cat?post=284"},{"taxonomy":"product_tag","embeddable":true,"href":"https:\/\/www.fsvbarefoot.com\/es\/wp-json\/wp\/v2\/product_tag?post=284"}],"curies":[{"name":"wp","href":"https:\/\/api.w.org\/{rel}","templated":true}]}}