{"id":141,"date":"2025-05-26T17:26:49","date_gmt":"2025-05-26T22:26:49","guid":{"rendered":"https:\/\/www.fsvbarefoot.com\/?post_type=product&#038;p=141"},"modified":"2025-10-23T19:19:51","modified_gmt":"2025-10-24T00:19:51","slug":"fsv-primal","status":"publish","type":"product","link":"https:\/\/www.fsvbarefoot.com\/es\/shop\/fsv-primal\/","title":{"rendered":"FSV Primal"},"content":{"rendered":"<div class=\"row gx-3 gy-3\">\n<div class=\"col-12 col-lg-7\">\n<div class=\"mb-3\"><img loading=\"lazy\" decoding=\"async\" class=\"img-fluid\" src=\"https:\/\/www.fsvbarefoot.com\/wp-content\/uploads\/2025\/05\/DSC02632-Mejorado-NR.jpg\" alt=\"\" width=\"800\" height=\"534\" \/><\/div>\n<p><img loading=\"lazy\" decoding=\"async\" class=\"img-fluid\" src=\"https:\/\/www.fsvbarefoot.com\/wp-content\/uploads\/2025\/05\/DSC02660-Mejorado-NR.jpg\" alt=\"\" width=\"800\" height=\"533\" \/><\/p>\n<\/div>\n<div class=\"col-12 col-lg-5\">\n<div class=\"mb-3\"><img loading=\"lazy\" decoding=\"async\" class=\"img-fluid\" src=\"https:\/\/www.fsvbarefoot.com\/wp-content\/uploads\/2025\/05\/16.jpg\" alt=\"\" width=\"560\" height=\"632\" \/><\/div>\n<p><img loading=\"lazy\" decoding=\"async\" class=\"img-fluid\" src=\"https:\/\/www.fsvbarefoot.com\/wp-content\/uploads\/2025\/05\/20-1.jpg\" alt=\"\" width=\"560\" height=\"435\" \/><\/p>\n<\/div>\n<div class=\"col-12\"><img loading=\"lazy\" decoding=\"async\" class=\"img-fluid\" src=\"https:\/\/www.fsvbarefoot.com\/wp-content\/uploads\/2025\/05\/colores2.jpg\" alt=\"\" width=\"980\" height=\"407\" \/><\/div>\n<\/div>\n","protected":false},"excerpt":{"rendered":"<p>Las FSV PRIMAL son las zapatillas perfectas para entrenar. Con sus materiales respirables y una suela de 2.5 mil\u00edmetros, son perfectas para sentir el suelo bajo tus pies y poder tener ese contacto que necesitas en el espacio, ya sea para levantar pesas o trabajar la movilidad sin ning\u00fan tipo de restricci\u00f3n.<\/p>\n<p><strong>Materiales:<\/strong> 20% Pixel, 80% TPU<br \/>\n<strong>Suela:<\/strong> Caucho sint\u00e9tico de 2.5 mil\u00edmetros de espesor con una soluci\u00f3n al exterior para tener mejor agarre al suelo.<\/p>\n","protected":false},"featured_media":192,"comment_status":"closed","ping_status":"closed","template":"","meta":{"inline_featured_image":false},"tipo":[],"location":[50,51],"product_brand":[],"product_cat":[48,55,56,52],"product_tag":[],"class_list":{"0":"post-141","1":"product","2":"type-product","3":"status-publish","4":"has-post-thumbnail","6":"location-peru","7":"location-usa","8":"product_cat-men","9":"product_cat-sport","10":"product_cat-sport-women","11":"product_cat-women","13":"first","14":"instock","15":"taxable","16":"shipping-taxable","17":"purchasable","18":"product-type-variable","19":"has-default-attributes","20":"wvs-archive-product-wrapper"},"acf":[],"locations":[{"id":50,"name":"Per\u00fa","slug":"peru","quantity":""},{"id":51,"name":"Usa","slug":"usa","quantity":""}],"_links":{"self":[{"href":"https:\/\/www.fsvbarefoot.com\/es\/wp-json\/wp\/v2\/product\/141","targetHints":{"allow":["GET"]}}],"collection":[{"href":"https:\/\/www.fsvbarefoot.com\/es\/wp-json\/wp\/v2\/product"}],"about":[{"href":"https:\/\/www.fsvbarefoot.com\/es\/wp-json\/wp\/v2\/types\/product"}],"replies":[{"embeddable":true,"href":"https:\/\/www.fsvbarefoot.com\/es\/wp-json\/wp\/v2\/comments?post=141"}],"wp:featuredmedia":[{"embeddable":true,"href":"https:\/\/www.fsvbarefoot.com\/es\/wp-json\/wp\/v2\/media\/192"}],"wp:attachment":[{"href":"https:\/\/www.fsvbarefoot.com\/es\/wp-json\/wp\/v2\/media?parent=141"}],"wp:term":[{"taxonomy":"tipo","embeddable":true,"href":"https:\/\/www.fsvbarefoot.com\/es\/wp-json\/wp\/v2\/tipo?post=141"},{"taxonomy":"location","embeddable":true,"href":"https:\/\/www.fsvbarefoot.com\/es\/wp-json\/wp\/v2\/location?post=141"},{"taxonomy":"product_brand","embeddable":true,"href":"https:\/\/www.fsvbarefoot.com\/es\/wp-json\/wp\/v2\/product_brand?post=141"},{"taxonomy":"product_cat","embeddable":true,"href":"https:\/\/www.fsvbarefoot.com\/es\/wp-json\/wp\/v2\/product_cat?post=141"},{"taxonomy":"product_tag","embeddable":true,"href":"https:\/\/www.fsvbarefoot.com\/es\/wp-json\/wp\/v2\/product_tag?post=141"}],"curies":[{"name":"wp","href":"https:\/\/api.w.org\/{rel}","templated":true}]}}