{"id":928,"date":"2025-05-29T12:19:41","date_gmt":"2025-05-29T17:19:41","guid":{"rendered":"https:\/\/www.fsvbarefoot.com\/?page_id=928"},"modified":"2025-05-30T14:21:30","modified_gmt":"2025-05-30T19:21:30","slug":"privacy-policy","status":"publish","type":"page","link":"https:\/\/www.fsvbarefoot.com\/es\/privacy-policy\/","title":{"rendered":"Pol\u00edtica de Privacidad"},"content":{"rendered":"<div class=\"lazyblock-block-section-1q16Ll wp-block-lazyblock-block-section\"><section class=\"block_section position-relative py bg-\">\n  <div class=\"container\">\n    <div class=\"row\">\n      <div class=\"col-12\">\n        <div class=\"lazyblock-inner-blocks\">\n\n<h2 class=\"wp-block-heading has-text-align-center mb h3\"><strong><span class=\"text-uppercase\">Pol\u00edtica de privacidad<\/span><\/strong><\/h2>\n\n\n\n<p>Esta Pol\u00edtica de privacidad describe c\u00f3mo se recopila, utiliza y comparte su informaci\u00f3n personal cuando visita o hace una compra en www.fsvbarefoot.com (denominado en lo sucesivo el \u201cSitio\u201d).<\/p>\n\n\n\n<p><strong>INFORMACI\u00d3N PERSONAL QUE RECOPILAMOS<\/strong><\/p>\n\n\n\n<p>Cuando visita el Sitio, recopilamos autom\u00e1ticamente cierta informaci\u00f3n sobre su dispositivo, incluida informaci\u00f3n sobre su navegador web, direcci\u00f3n IP, zona horaria y algunas de las cookies que est\u00e1n instaladas en su dispositivo. Adem\u00e1s, a medida que navega por el Sitio, recopilamos informaci\u00f3n sobre las p\u00e1ginas web individuales o los productos que ve, las p\u00e1ginas web o los t\u00e9rminos de b\u00fasqueda que lo remitieron al Sitio e informaci\u00f3n sobre c\u00f3mo interact\u00faa usted con el Sitio. Nos referimos a esta informaci\u00f3n recopilada autom\u00e1ticamente como \u201cInformaci\u00f3n del dispositivo\u201d.<\/p>\n\n\n\n<p>Recopilamos Informaci\u00f3n del dispositivo mediante el uso de las siguientes tecnolog\u00edas:<\/p>\n\n\n\n<ul class=\"wp-block-list\">\n<li>Cookies:\u00a0 Aqu\u00ed tienes una lista de cookies que utilizamos. Las enlistamos para que puedas elegir si quieres optar por quitarlas o no.<\/li>\n\n\n\n<li>_session_id\u00a0: token \u00fanico, de sesi\u00f3n, Permite que se almacene informaci\u00f3n sobre su sesi\u00f3n (referidor, p\u00e1gina de destino, etc.)<\/li>\n\n\n\n<li>cart\u00a0: token \u00fanico, persistente durante 2 semanas, almacena informaci\u00f3n sobre el contenido de su carrito.<\/li>\n\n\n\n<li>_secure_session_id\u00a0: token \u00fanico, de sesi\u00f3n.<\/li>\n\n\n\n<li>storefront_digest\u00a0: token \u00fanico, indefinido, si la tienda tiene una contrase\u00f1a, se usa para determinar si el visitante actual tiene acceso.<\/li>\n\n\n\n<li>Archivos de registro: rastrean las acciones que ocurren en el Sitio y recopilan datos, incluyendo su direcci\u00f3n IP, tipo de navegador, proveedor de servicio de Internet, p\u00e1ginas de referencia\/salida y marcas de fecha\/horario.<\/li>\n\n\n\n<li>Balizas web, etiquetas y p\u00edxeles: son archivos electr\u00f3nicos utilizados para registrar informaci\u00f3n sobre c\u00f3mo navega usted por el Sitio.<\/li>\n<\/ul>\n\n\n\n<p>[[INSERTAR DESCRIPCIONES DE OTROS TIPOS DE TECNOLOG\u00cdAS DE SEGUIMIENTO QUE SE UTILICEN]]<\/p>\n\n\n\n<p>\u00a0Adem\u00e1s, cuando hace una compra o intenta hacer una compra a trav\u00e9s del Sitio, recopilamos cierta informaci\u00f3n de usted, entre la que se incluye su nombre, direcci\u00f3n de facturaci\u00f3n, direcci\u00f3n de env\u00edo, informaci\u00f3n de pago (incluidos los n\u00fameros de la tarjeta de cr\u00e9dito [[INSERTAR CUALQUIER OTRO TIPO DE PAGO ACEPTADO]]), direcci\u00f3n de correo electr\u00f3nico y n\u00famero de tel\u00e9fono. Nos referimos a esta informaci\u00f3n como \u201cInformaci\u00f3n del pedido\u201d.<\/p>\n\n\n\n<p>\u00a0[[INSERTAR CUALQUIER OTRA INFORMACI\u00d3N QUE USTED RECOPILA: DATOS SIN CONEXI\u00d3N, LISTAS\/DATOS DE MARKETING ADQUIRIDOS]]<\/p>\n\n\n\n<p>\u00a0Cuando hablamos de \u201cInformaci\u00f3n personal\u201d en la presente Pol\u00edtica de privacidad, nos referimos tanto a la Informaci\u00f3n del dispositivo como a la Informaci\u00f3n del pedido.<\/p>\n\n\n\n<p><strong>\u00a0\u00bfC\u00d3MO UTILIZAMOS SU INFORMACI\u00d3N PERSONAL?<\/strong><\/p>\n\n\n\n<p>\u00a0Usamos la Informaci\u00f3n del pedido que recopilamos en general para preparar los pedidos realizados a trav\u00e9s del Sitio (incluido el procesamiento de su informaci\u00f3n de pago, la organizaci\u00f3n de los env\u00edos y la entrega de facturas y\/o confirmaciones de pedido). Adem\u00e1s, utilizamos esta Informaci\u00f3n del pedido para:<\/p>\n\n\n\n<ul class=\"wp-block-list\">\n<li>\u00a0comunicarnos con usted;<\/li>\n\n\n\n<li>examinar nuestros pedidos en busca de fraudes o riesgos potenciales; y<\/li>\n\n\n\n<li>cuando de acuerdo con las preferencias que usted comparti\u00f3 con nosotros, le proporcionamos informaci\u00f3n o publicidad relacionada con nuestros productos o servicios.<\/li>\n<\/ul>\n\n\n\n<p>[[INSERTAR OTROS USOS DE INFORMACI\u00d3N DEL PEDIDO]]<\/p>\n\n\n\n<p>\u00a0Utilizamos la Informaci\u00f3n del dispositivo que recopilamos para ayudarnos a detectar posibles riesgos y fraudes (en particular, su direcci\u00f3n IP) y, en general, para mejorar y optimizar nuestro Sitio (por ejemplo, al generar informes y estad\u00edsticas sobre c\u00f3mo nuestros clientes navegan e interact\u00faan con el Sitio y para evaluar el \u00e9xito de nuestras campa\u00f1as publicitarias y de marketing).<\/p>\n\n\n\n<p>[[INSERTAR OTROS USOS DE INFORMACI\u00d3N DEL DISPOSITIVO, INCLUIDOS PUBLICIDAD\/RETARGETING]]<\/p>\n\n\n\n<p><strong>\u00a0COMPARTIR SU INFORMACI\u00d3N PERSONAL<\/strong><\/p>\n\n\n\n<p>\u00a0Compartimos su Informaci\u00f3n personal con terceros para que nos ayuden a utilizar su Informaci\u00f3n personal, tal como se describi\u00f3 anteriormente. Por ejemplo, utilizamos Google Analytics para ayudarnos a comprender c\u00f3mo usan nuestros clientes el Sitio. Puede obtener m\u00e1s informaci\u00f3n sobre c\u00f3mo Google utiliza su Informaci\u00f3n personal aqu\u00ed: https:\/\/www.google.com\/intl\/es\/policies\/privacy\/. Puede darse de baja de Google Analytics aqu\u00ed: https:\/\/tools.google.com\/dlpage\/gaoptout.<\/p>\n\n\n\n<p>Finalmente, tambi\u00e9n podemos compartir su Informaci\u00f3n personal para cumplir con las leyes y regulaciones aplicables, para responder a una citaci\u00f3n, orden de registro u otra solicitud legal de informaci\u00f3n que recibamos, o para proteger nuestros derechos.<\/p>\n\n\n\n<p>\u00a0[[INCLUIR SI SE USA REMARKETING O PUBLICIDAD DIRIGIDA]]<\/p>\n\n\n\n<p><strong>PUBLICIDAD ORIENTADA POR EL COMPORTAMIENTO<\/strong><\/p>\n\n\n\n<p>Como se describi\u00f3 anteriormente, utilizamos su Informaci\u00f3n personal para proporcionarle anuncios publicitarios dirigidos o comunicaciones de marketing que creemos que pueden ser de su inter\u00e9s. Para m\u00e1s informaci\u00f3n sobre c\u00f3mo funciona la publicidad dirigida, puede visitar la p\u00e1gina educativa de la Iniciativa Publicitaria en la Red (&#8220;NAI&#8221; por sus siglas en ingl\u00e9s) en http:\/\/www.networkadvertising.org\/understanding-online-advertising\/how-does-it-work.<\/p>\n\n\n\n<p>Puede darse de baja de la publicidad dirigida mediante los siguientes enlaces:<\/p>\n\n\n\n<p>[[ INCLUIR ENLACES PARA DARSE DE BAJA DE CUALQUIER SERVICIO QUE SE UTILICE. ALGUNOS ENLACES FRECUENTES INCLUYEN: FACEBOOK: https:\/\/www.facebook.com\/settings\/?tab=ads GOOGLE: https:\/\/adssettings.google.com\/authenticated?hl=es BING: https:\/\/about.ads.microsoft.com\/es-es\/recursos\/directivas\/anuncios-personalizados ]]<\/p>\n\n\n\n<p>Adem\u00e1s, puede darse de baja de algunos de estos servicios visitando el portal de exclusi\u00f3n voluntaria de Digital Advertising Alliance en: ttp:\/\/optout.aboutads.info\/.<\/p>\n\n\n\n<p><strong>NO RASTREAR<\/strong><\/p>\n\n\n\n<p>Tenga en cuenta que no alteramos las pr\u00e1cticas de recopilaci\u00f3n y uso de datos de nuestro Sitio cuando vemos una se\u00f1al de No rastrear desde su navegador.<\/p>\n\n\n\n<p>[[INCLUIR SI LA TIENDA EST\u00c1 UBICADA EN EUROPA O SI TIENE CLIENTES EN EUROPA]]<\/p>\n\n\n\n<p><strong>SUS DERECHOS<\/strong><\/p>\n\n\n\n<p>Si usted es un residente europeo, tiene derecho a acceder a la informaci\u00f3n personal que tenemos sobre usted y a solicitar que su informaci\u00f3n personal sea corregida, actualizada o eliminada. Si desea ejercer este derecho, comun\u00edquese con nosotros a trav\u00e9s de la informaci\u00f3n de contacto que se encuentra a continuaci\u00f3n.<\/p>\n\n\n\n<p>Adem\u00e1s, si usted es un residente europeo, tenemos en cuenta que estamos procesando su informaci\u00f3n para cumplir con los contratos que podamos tener con usted (por ejemplo, si realiza un pedido a trav\u00e9s del Sitio) o para perseguir nuestros intereses comerciales leg\u00edtimos enumerados anteriormente. Adem\u00e1s, tenga en cuenta que su informaci\u00f3n se transferir\u00e1 fuera de Europa, incluidos Canad\u00e1 y los Estados Unidos.<\/p>\n\n\n\n<p><strong>RETENCI\u00d3N DE DATOS<\/strong><\/p>\n\n\n\n<p>Cuando realiza un pedido a trav\u00e9s del Sitio, mantendremos su Informaci\u00f3n del pedido para nuestros registros a menos que y hasta que nos pida que eliminemos esta informaci\u00f3n.<\/p>\n\n\n\n<p>[[INSERTAR SI SE REQUIERE RESTRICCI\u00d3N DE EDAD]]<\/p>\n\n\n\n<p><strong>MENORES<\/strong><\/p>\n\n\n\n<p>El sitio no est\u00e1 destinado a personas menores de [[INSERTAR EDAD]].<\/p>\n\n\n\n<p><strong>CAMBIOS<\/strong><\/p>\n\n\n\n<p>Podemos actualizar esta pol\u00edtica de privacidad peri\u00f3dicamente para reflejar, por ejemplo, cambios en nuestras pr\u00e1cticas o por otros motivos operativos, legales o reglamentarios.<\/p>\n\n\n\n<p><strong>CONT\u00c1CTENOS<\/strong><\/p>\n\n\n\n<p>Para obtener m\u00e1s informaci\u00f3n sobre nuestras pr\u00e1cticas de privacidad, si tiene alguna pregunta o si desea presentar una queja, cont\u00e1ctenos por correo electr\u00f3nico a fsvbarefoot@gmail.com o por correo mediante el uso de la informaci\u00f3n que se proporciona a continuaci\u00f3n: calle kivur 101, lima, PE-LIM, 15026, Per\u00fa.<\/p>\n\n<\/div>\n      <\/div>\n    <\/div>\n  <\/div>\n<\/section><\/div>","protected":false},"excerpt":{"rendered":"","protected":false},"author":1,"featured_media":0,"parent":0,"menu_order":0,"comment_status":"closed","ping_status":"closed","template":"","meta":{"inline_featured_image":false,"footnotes":""},"class_list":["post-928","page","type-page","status-publish","hentry"],"acf":[],"_links":{"self":[{"href":"https:\/\/www.fsvbarefoot.com\/es\/wp-json\/wp\/v2\/pages\/928","targetHints":{"allow":["GET"]}}],"collection":[{"href":"https:\/\/www.fsvbarefoot.com\/es\/wp-json\/wp\/v2\/pages"}],"about":[{"href":"https:\/\/www.fsvbarefoot.com\/es\/wp-json\/wp\/v2\/types\/page"}],"author":[{"embeddable":true,"href":"https:\/\/www.fsvbarefoot.com\/es\/wp-json\/wp\/v2\/users\/1"}],"replies":[{"embeddable":true,"href":"https:\/\/www.fsvbarefoot.com\/es\/wp-json\/wp\/v2\/comments?post=928"}],"version-history":[{"count":7,"href":"https:\/\/www.fsvbarefoot.com\/es\/wp-json\/wp\/v2\/pages\/928\/revisions"}],"predecessor-version":[{"id":1079,"href":"https:\/\/www.fsvbarefoot.com\/es\/wp-json\/wp\/v2\/pages\/928\/revisions\/1079"}],"wp:attachment":[{"href":"https:\/\/www.fsvbarefoot.com\/es\/wp-json\/wp\/v2\/media?parent=928"}],"curies":[{"name":"wp","href":"https:\/\/api.w.org\/{rel}","templated":true}]}}