{"id":926,"date":"2025-05-29T12:18:10","date_gmt":"2025-05-29T17:18:10","guid":{"rendered":"https:\/\/www.fsvbarefoot.com\/?page_id=926"},"modified":"2025-05-30T14:09:55","modified_gmt":"2025-05-30T19:09:55","slug":"terms-and-conditions","status":"publish","type":"page","link":"https:\/\/www.fsvbarefoot.com\/es\/terms-and-conditions\/","title":{"rendered":"T\u00e9rminos y Condiciones"},"content":{"rendered":"<div class=\"lazyblock-block-section-1q16Ll wp-block-lazyblock-block-section\"><section class=\"block_section position-relative py bg-\">\n  <div class=\"container\">\n    <div class=\"row\">\n      <div class=\"col-12\">\n        <div class=\"lazyblock-inner-blocks\">\n\n<h2 class=\"wp-block-heading has-text-align-center mb h3\"><strong><span class=\"text-uppercase\">T\u00e9rminos y Condiciones<\/span><\/strong><\/h2>\n\n\n\n<p><strong>SECCI\u00d3N 1: INTRODUCCI\u00d3N<br><\/strong>\u00a0<br>Estos T\u00e9rminos del servicio (&#8220;T\u00e9rminos de servicio&#8221;, &#8220;Acuerdo&#8221;) establecen los t\u00e9rminos y condiciones que rigen su acceso y uso del sitio web www.fsvbarefoot.com (el &#8220;Sitio&#8221;) y el servicio ofrecido a trav\u00e9s del Sitio (el &#8220;Servicio&#8221;), incluyendo todos los productos y servicios disponibles a trav\u00e9s del Sitio.<br>\u00a0<br><strong>SECCI\u00d3N 2: ACEPTACI\u00d3N DE LOS T\u00c9RMINOS DEL SERVICIO<br><\/strong>\u00a0<br>Su acceso y uso del Sitio y del Servicio est\u00e1n sujetos a su aceptaci\u00f3n y cumplimiento de estos T\u00e9rminos del servicio. Estos T\u00e9rminos del servicio se aplican a todos los usuarios del Sitio y del Servicio, incluyendo, entre otros, usuarios que son navegadores, proveedores, clientes, comerciantes y\/o contribuyentes de contenido.<br>\u00a0<br><strong>SECCI\u00d3N 3: MODIFICACIONES DEL SERVICIO<br><\/strong>\u00a0<br>Nos reservamos el derecho de modificar o interrumpir, temporal o permanentemente, el Servicio (o cualquier parte del mismo) sin previo aviso. No seremos responsables ante usted ni ante ning\u00fan tercero por cualquier modificaci\u00f3n, suspensi\u00f3n o interrupci\u00f3n del Servicio.<br>\u00a0<br><strong>SECCI\u00d3N 4: ACCESO AL SITIO Y AL SERVICIO<br><\/strong>\u00a0<br>Puede que se le exija crear una cuenta para acceder a ciertas funciones o caracter\u00edsticas del Servicio. Usted es responsable de mantener la confidencialidad de la informaci\u00f3n de su cuenta, incluyendo su contrase\u00f1a, y es responsable de toda actividad que ocurra bajo su cuenta. Nos reservamos el derecho de denegar el acceso a cualquiera al Servicio o a cualquier parte del mismo, en cualquier momento y sin previo aviso, por cualquier raz\u00f3n.<br>\u00a0<br><strong>SECCI\u00d3N 5: PROPIEDAD INTELECTUAL<br><\/strong>\u00a0<br>El Sitio y el Servicio, incluyendo todo el contenido, son propiedad de FSV BAREFOOT o de sus licenciantes y est\u00e1n protegidos por las leyes de propiedad intelectual.<br>\u00a0<br><strong>SECCI\u00d3N 6: USO DEL SITIO Y DEL SERVICIO<br><\/strong>\u00a0<br>Usted se compromete a utilizar el Sitio y el Servicio \u00fanicamente para fines legales y de acuerdo con estos T\u00e9rminos del servicio. Usted se compromete a no utilizar el Sitio o el Servicio de ninguna manera que pueda da\u00f1ar, deshabilitar, sobrecargar o deteriorar el Sitio o el Servicio, o que interfiera con el uso y disfrute del Sitio y del Servicio por parte de otros.<br>\u00a0<br><strong>SECCI\u00d3N 7: COMENTARIOS DE LOS USUARIOS<br><\/strong>\u00a0<br>Si env\u00eda comentarios o sugerencias sobre el Sitio o el Servicio (&#8220;Comentarios&#8221;), usted acepta que dichos Comentarios ser\u00e1n propiedad de FSV BAREFOOT y podr\u00e1n ser utilizados sin ninguna restricci\u00f3n.<br>\u00a0<br><strong>SECCI\u00d3N 8: ENLACES A SITIOS WEB DE TERCEROS<br><\/strong>\u00a0<br>El Sitio puede contener enlaces a sitios web de terceros. No somos responsables del contenido, la privacidad o las pr\u00e1cticas de seguridad de los sitios web de terceros.<br>\u00a0<br><strong>SECCI\u00d3N 9: DESCARGO DE RESPONSABILIDAD<br><\/strong>\u00a0<br>USTED RECONOCE Y ACEPTA QUE EL USO QUE HAGA DEL SITIO Y DEL SERVICIO ES BAJO SU PROPIO RIESGO. EL SITIO Y EL SERVICIO SE OFRECEN &#8220;TAL CUAL EST\u00c1N&#8221; Y &#8220;SEG\u00daN DISPONIBILIDAD&#8221;, SIN NINGUNA REPRESENTACI\u00d3N, GARANT\u00cdA O CONDICI\u00d3N DE NING\u00daN TIPO, YA SEA EXPRESA O IMPL\u00cdCITA, INCLUYENDO, ENTRE OTRAS, TODAS LAS GARANT\u00cdAS IMPL\u00cdCITAS O CONDICIONES DE COMERCIALIZACI\u00d3N, CALIDAD COMERCIAL, IDONEIDAD PARA UN PROP\u00d3SITO PARTICULAR, DURABILIDAD, T\u00cdTULO Y NO VIOLACI\u00d3N.<br>\u00a0<br><strong>SECCI\u00d3N 10: INFORMACI\u00d3N PERSONAL<br><\/strong>\u00a0<br>El env\u00edo de la informaci\u00f3n personal que haga a trav\u00e9s de la tienda se rige por nuestra Pol\u00edtica de privacidad. Para ver nuestra Pol\u00edtica de privacidad.<br>\u00a0<br><strong>SECCI\u00d3N 11: ERRORES, INEXACTITUDES Y OMISIONES<br><\/strong>\u00a0<br>Puede haber informaci\u00f3n en nuestro sitio o en el Servicio que, ocasionalmente, contenga errores tipogr\u00e1ficos, inexactitudes u omisiones que puedan relacionarse con descripciones de productos, precios, promociones, ofertas, cargos por env\u00edo de productos, tiempos de tr\u00e1nsito y disponibilidad. Nos reservamos el derecho de corregir cualquier error, inexactitud u omisi\u00f3n, de cambiar o actualizar informaci\u00f3n, o cancelar pedidos si alguna informaci\u00f3n en el Servicio o en cualquier p\u00e1gina web relacionada es inexacta en cualquier momento sin previo aviso (incluso despu\u00e9s de haber enviado su pedido).<br>\u00a0<br>No asumimos ninguna obligaci\u00f3n de actualizar, modificar o aclarar la informaci\u00f3n en el Servicio o en cualquier sitio web relacionado, incluyendo de manera enunciativa pero no limitativa, la informaci\u00f3n de precios, excepto cuando lo exija la ley. Ninguna actualizaci\u00f3n especificada o fecha de actualizaci\u00f3n aplicada en el Servicio o en cualquier sitio web relacionado debe tomarse para indicar que toda la informaci\u00f3n en el Servicio o en cualquier sitio web relacionado se modific\u00f3 o actualiz\u00f3.<br>\u00a0<br><strong>SECCI\u00d3N 12: USOS PROHIBIDOS<br><\/strong>\u00a0<br>Adem\u00e1s de las prohibiciones establecidas en los T\u00e9rminos del servicio, se le proh\u00edbe utilizar el sitio o su contenido (a) para cualquier prop\u00f3sito ilegal; (b) para solicitar a otros que realicen o participen en cualquier acto ilegal; (c) para infringir cualquier reglamento, norma, ley u ordenanza local internacional, federal, provincial o estatal; (d) para infringir o violar nuestros derechos de propiedad intelectual o los derechos de propiedad intelectual de otros; (e) acosar, abusar, insultar, da\u00f1ar, difamar, calumniar, denigrar, intimidar o discriminar por motivos de g\u00e9nero, orientaci\u00f3n sexual, religi\u00f3n, etnia, raza, edad, nacionalidad o discapacidad; (f) enviar informaci\u00f3n falsa o enga\u00f1osa;(g) cargar o transmitir virus o cualquier otro tipo de c\u00f3digo da\u00f1ino que afecte o pueda afectar a la funcionalidad o el funcionamiento del Servicio o de cualquier sitio web relacionado, de otros sitios web o de Internet; (h) recopilar o rastrear la informaci\u00f3n personal de otros; (i) enviar correo no deseado, phishing, pharm, pretexto, spider, rastrear o extraer; (j) para cualquier prop\u00f3sito obsceno o inmoral; o (k) para interferir o eludir las funciones de seguridad del Servicio o de cualquier sitio web relacionado, o de otros sitios web o de Internet.<br>\u00a0<br>Nos reservamos el derecho de dar por terminado su uso del Servicio o de cualquier sitio web relacionado por infringir cualquiera de los usos prohibidos.<br>\u00a0<br><strong>SECCI\u00d3N 13: DESCARGO DE RESPONSABILIDAD DE GARANT\u00cdAS; LIMITACI\u00d3N DE RESPONSABILIDAD<br><\/strong>\u00a0<br>No garantizamos, representamos ni aseguramos que el uso que haga de nuestro servicio ser\u00e1 sin interrupciones, oportuno, seguro o sin errores.No garantizamos que los resultados que se puedan obtener del uso del servicio sean exactos o confiables.Usted acepta que peri\u00f3dicamente, podamos eliminar el servicio por lapsos de tiempo indefinidos o cancelar el servicio en cualquier momento, sin notificarle.<br>\u00a0<br>Usted acepta expresamente que su uso del servicio o la imposibilidad de utilizarlo corre por su riesgo. El servicio y todos los productos y servicios que se le entregan a trav\u00e9s del servicio (salvo que as\u00ed lo especifiquemos nosotros) se ofrecen &#8220;tal como est\u00e1n&#8221; y &#8220;seg\u00fan disponibilidad&#8221; para su uso, sin ninguna representaci\u00f3n, garant\u00eda o condici\u00f3n de ning\u00fan tipo, ya sea expresa o impl\u00edcita, entre las que se incluyen todas las garant\u00edas impl\u00edcitas o condiciones de comerciabilidad, calidad comercial, idoneidad para un prop\u00f3sito particular, durabilidad, t\u00edtulo y no violaci\u00f3n.<br>\u00a0<br>En ning\u00fan caso FSV BAREFOOT, nuestros directores, funcionarios, empleados, afiliados, agentes, contratistas, pasantes, proveedores, proveedores de servicios o licenciantes ser\u00e1n responsables de cualquier lesi\u00f3n, p\u00e9rdida, reclamo o cualquier da\u00f1o directo, indirecto, incidental, punitivo, especial o consecuente de cualquier tipo, incluyendo de manera enunciativa m\u00e1s no limitativa; la p\u00e9rdida de beneficios, p\u00e9rdida de ingresos, p\u00e9rdida de ahorros, p\u00e9rdida de datos, costos de reemplazo o da\u00f1os similares, ya sea por contrato, perjuicio (incluida la negligencia), responsabilidad estricta o de otro tipo, que surjan del uso que haga de cualquiera de los servicios o de cualquier producto adquirido por medio del servicio, o para cualquier otro reclamo relacionado de alguna manera con su uso del servicio o de cualquier producto, incluidos, entre otros, cualquier error u omisi\u00f3n en cualquier contenido, o cualquier p\u00e9rdida o da\u00f1o de cualquier tipo en el que se haya incurrido como resultado del uso del servicio o de cualquier contenido (o producto) publicado, transmitido o puesto a disposici\u00f3n a trav\u00e9s del servicio, incluso si se informa de su posibilidad.<br>\u00a0<br>Debido a que algunos estados o jurisdicciones no permiten la exclusi\u00f3n o la limitaci\u00f3n de la responsabilidad por da\u00f1os consecuentes o incidentales, en dichos estados o jurisdicciones, nuestra responsabilidad se limitar\u00e1 a la extensi\u00f3n m\u00e1xima de lo permitido por la ley.<br>\u00a0<br><strong>SECCI\u00d3N 14: INDEMNIZACI\u00d3N<br><\/strong>\u00a0<br>Usted acepta indemnizar, defender y mantener indemne a FSV BAREFOOT y a nuestra empresa matriz, subsidiarias, afiliadas, asociados, funcionarios, directores, agentes, contratistas, licenciantes, proveedores de servicios, subcontratistas, proveedores, pasantes y empleados, de cualquier reclamo o demanda, incluidos los honorarios razonables de abogados, en los que un tercero haya incurrido debido a su incumplimiento de los presentes T\u00e9rminos del servicio o de los documentos que incorporan como referencia o que surjan por su incumplimiento de los mismos, o por la violaci\u00f3n de cualquier ley o derechos de un tercero que haga.<br>\u00a0<br><strong>SECCI\u00d3N 15: DIVISIBILIDAD<br><\/strong>\u00a0<br>En caso de que se determine que alguna disposici\u00f3n de los presentes T\u00e9rminos del servicio sea ilegal, nula o inaplicable, dicha disposici\u00f3n ser\u00e1, no obstante, ejecutable en la medida en que lo permita la legislaci\u00f3n aplicable, y la parte inaplicable se considerar\u00e1 separada de los presentes T\u00e9rminos del servicio, sin que dicha determinaci\u00f3n afecte a la validez y aplicabilidad de las dem\u00e1s disposiciones.<br>\u00a0<br><strong>SECCI\u00d3N 16: RESCISI\u00d3N<br><\/strong>\u00a0<br>Las obligaciones y responsabilidades de las partes incurridas antes de la fecha de rescisi\u00f3n seguir\u00e1n vigentes despu\u00e9s de la rescisi\u00f3n de este contrato a todos los efectos.<br>\u00a0<br>Estos T\u00e9rminos del servicio se encuentran vigentes a menos que usted o nosotros los rescindamos. Puede rescindir los presentes T\u00e9rminos del servicio en cualquier momento al notificarnos que ya no desea utilizar nuestros Servicios o cuando cese de utilizar nuestro sitio.<br>\u00a0<br>Si a nuestro juicio usted incumple, o sospechamos que ha incumplido con cualquier t\u00e9rmino o disposici\u00f3n de los presentes T\u00e9rminos del servicio, podemos rescindir igualmente este acuerdo en cualquier momento sin previo aviso y usted seguir\u00e1 siendo responsable de todos los importes adeudados, hasta la fecha de rescisi\u00f3n inclusive; y\/o en consecuencia podemos denegarle el acceso a nuestros Servicios (o a parte de ellos).<br>\u00a0<br><strong>SECCI\u00d3N 17: ACUERDO COMPLETO<br><\/strong>\u00a0<br>El hecho de que no ejerzamos o hagamos valer alg\u00fan derecho o disposici\u00f3n de los presentes T\u00e9rminos del Servicio no constituir\u00e1 una renuncia a dicho derecho o disposici\u00f3n.<br>\u00a0<br>Estos T\u00e9rminos de servicio y cualquier pol\u00edtica o regla de funcionamiento que hayamos publicado en este sitio o con respecto al Servicio constituye el acuerdo y el entendimiento completo entre usted y nosotros, y rigen su uso del Servicio, sustituyendo a cualquier acuerdo, comunicaci\u00f3n o propuesta anterior o contempor\u00e1nea, ya sea oral o escrita, entre usted y nosotros (incluyendo de manera enunciativa m\u00e1s no limitativa, las versiones anteriores de los T\u00e9rminos del servicio).<br>\u00a0<br>Cualquier ambig\u00fcedad en la interpretaci\u00f3n de los presentes T\u00e9rminos del servicio no se interpretar\u00e1 en contra de la parte redactora.<br>\u00a0<br><strong>SECCI\u00d3N 18: LEY APLICABLE<br><\/strong>\u00a0<br>Los presentes T\u00e9rminos del servicio y cualquier acuerdo por separado por el cual le proporcionemos Servicios se regir\u00e1n e interpretar\u00e1n de acuerdo con las leyes de calle kivur 101, lima, PE-LIM, 15026, Per\u00fa.<br>\u00a0<br><strong>SECCI\u00d3N 19: CAMBIOS EN LOS T\u00c9RMINOS DEL SERVICIO<br><\/strong>\u00a0<br>Puede revisar la versi\u00f3n m\u00e1s reciente de los T\u00e9rminos del servicio en cualquier momento en esta p\u00e1gina.<br>\u00a0<br>Nos reservamos el derecho, a nuestra entera discreci\u00f3n, de actualizar, cambiar o sustituir cualquier parte de los presentes T\u00e9rminos del servicio mediante la publicaci\u00f3n de actualizaciones y cambios en nuestro sitio web. Es su responsabilidad consultar nuestro sitio web peri\u00f3dicamente para ver los cambios. El uso que haga de nuestra p\u00e1gina web o del Servicio o su acceso a cualquiera de estos de forma continua despu\u00e9s de la publicaci\u00f3n de cualquier cambio en los presentes T\u00e9rminos del servicio, constituye la aceptaci\u00f3n de dichos cambios.<br>\u00a0<br><strong>SECCI\u00d3N 20: INFORMACI\u00d3N DE CONTACTO<br><\/strong>\u00a0<br>Las preguntas sobre los T\u00e9rminos del servicio se deben enviar a fsvbarefoot@gmail.com.<\/p>\n\n<\/div>\n      <\/div>\n    <\/div>\n  <\/div>\n<\/section><\/div>","protected":false},"excerpt":{"rendered":"","protected":false},"author":1,"featured_media":0,"parent":0,"menu_order":0,"comment_status":"closed","ping_status":"closed","template":"","meta":{"inline_featured_image":false,"footnotes":""},"class_list":["post-926","page","type-page","status-publish","hentry"],"acf":[],"_links":{"self":[{"href":"https:\/\/www.fsvbarefoot.com\/es\/wp-json\/wp\/v2\/pages\/926","targetHints":{"allow":["GET"]}}],"collection":[{"href":"https:\/\/www.fsvbarefoot.com\/es\/wp-json\/wp\/v2\/pages"}],"about":[{"href":"https:\/\/www.fsvbarefoot.com\/es\/wp-json\/wp\/v2\/types\/page"}],"author":[{"embeddable":true,"href":"https:\/\/www.fsvbarefoot.com\/es\/wp-json\/wp\/v2\/users\/1"}],"replies":[{"embeddable":true,"href":"https:\/\/www.fsvbarefoot.com\/es\/wp-json\/wp\/v2\/comments?post=926"}],"version-history":[{"count":10,"href":"https:\/\/www.fsvbarefoot.com\/es\/wp-json\/wp\/v2\/pages\/926\/revisions"}],"predecessor-version":[{"id":1075,"href":"https:\/\/www.fsvbarefoot.com\/es\/wp-json\/wp\/v2\/pages\/926\/revisions\/1075"}],"wp:attachment":[{"href":"https:\/\/www.fsvbarefoot.com\/es\/wp-json\/wp\/v2\/media?parent=926"}],"curies":[{"name":"wp","href":"https:\/\/api.w.org\/{rel}","templated":true}]}}