{"id":924,"date":"2025-05-29T12:13:31","date_gmt":"2025-05-29T17:13:31","guid":{"rendered":"https:\/\/www.fsvbarefoot.com\/?page_id=924"},"modified":"2025-05-30T14:52:17","modified_gmt":"2025-05-30T19:52:17","slug":"sustainability","status":"publish","type":"page","link":"https:\/\/www.fsvbarefoot.com\/es\/sustainability\/","title":{"rendered":"Sostenibilidad"},"content":{"rendered":"<div class=\"lazyblock-block-page-header-TVamo wp-block-lazyblock-block-page-header\"><header class=\"block_page_header position-relative bg-\">\r\n\t<figure class=\"mb-0 block_image\">\r\n\t  <img loading=\"lazy\" decoding=\"async\" width=\"1920\" height=\"550\" src=\"https:\/\/www.fsvbarefoot.com\/wp-content\/uploads\/2025\/05\/sustainability.jpg\" class=\"img-fit wvs-archive-product-image\" alt=\"\" srcset=\"https:\/\/www.fsvbarefoot.com\/wp-content\/uploads\/2025\/05\/sustainability.jpg 1920w, https:\/\/www.fsvbarefoot.com\/wp-content\/uploads\/2025\/05\/sustainability-980x281.jpg 980w, https:\/\/www.fsvbarefoot.com\/wp-content\/uploads\/2025\/05\/sustainability-768x220.jpg 768w, https:\/\/www.fsvbarefoot.com\/wp-content\/uploads\/2025\/05\/sustainability-1536x440.jpg 1536w, https:\/\/www.fsvbarefoot.com\/wp-content\/uploads\/2025\/05\/sustainability-600x172.jpg 600w\" sizes=\"auto, (max-width: 1920px) 100vw, 1920px\" \/>\t<\/figure>\r\n\t<div class=\"block_content py d-flex flex-wrap align-items-center\">\r\n\t  <div class=\"lazyblock-inner-blocks\"><\/div>\r\n\t<\/div>\r\n<\/header><\/div>\n\n<div class=\"lazyblock-block-section-1kECEB wp-block-lazyblock-block-section\"><section class=\"block_section position-relative py bg-\">\n  <div class=\"container\">\n    <div class=\"row\">\n      <div class=\"col-12\">\n        <div class=\"lazyblock-inner-blocks\">\n\n<h2 class=\"wp-block-heading has-text-align-center h3\"><strong><strong>Calzado Sostenible para un Futuro Verde<\/strong><\/strong><\/h2>\n\n\n\n<p class=\"has-text-align-center has-gris-color has-text-color has-link-color h6 wp-elements-03d131da468b6c44140b6339b64440b4\">En FSV Barefoot, no solo nos apasiona crear calzado c\u00f3modo y funcional, sino que tambi\u00e9n nos comprometemos a construir un futuro m\u00e1s verde y sostenible.<\/p>\n\n\n\n<p class=\"has-text-align-center mb has-gris-color has-text-color has-link-color h6 wp-elements-f59539ec6147dda67fa8d61935ad6c11\">Creemos que el camino hacia un mundo mejor comienza con acciones concretas que beneficien al planeta y a las personas.<\/p>\n\n\n\n<div class=\"mb row justify-content-center\">\n<div class=\"col-lg-6 col-xl-4 col-md-8\">\n<figure class=\"wp-block-video\"><video height=\"1920\" style=\"aspect-ratio: 1080 \/ 1920;\" width=\"1080\" controls src=\"https:\/\/www.fsvbarefoot.com\/wp-content\/uploads\/2025\/05\/VID-20241022-WA0067.mp4\"><\/video><\/figure>\n<\/div>\n<\/div>\n\n\n\n<div class=\"row align-items-center gy-4 mb-5\">\n<div class=\"col-xl-4\">\n<figure class=\"wp-block-image size-full\"><img loading=\"lazy\" decoding=\"async\" width=\"672\" height=\"672\" src=\"https:\/\/www.fsvbarefoot.com\/wp-content\/uploads\/2025\/05\/sustainability-01.jpg\" alt=\"\" class=\"wp-image-1030\" srcset=\"https:\/\/www.fsvbarefoot.com\/wp-content\/uploads\/2025\/05\/sustainability-01.jpg 672w, https:\/\/www.fsvbarefoot.com\/wp-content\/uploads\/2025\/05\/sustainability-01-220x220.jpg 220w, https:\/\/www.fsvbarefoot.com\/wp-content\/uploads\/2025\/05\/sustainability-01-450x450.jpg 450w, https:\/\/www.fsvbarefoot.com\/wp-content\/uploads\/2025\/05\/sustainability-01-300x300.jpg 300w, https:\/\/www.fsvbarefoot.com\/wp-content\/uploads\/2025\/05\/sustainability-01-600x600.jpg 600w, https:\/\/www.fsvbarefoot.com\/wp-content\/uploads\/2025\/05\/sustainability-01-100x100.jpg 100w, https:\/\/www.fsvbarefoot.com\/wp-content\/uploads\/2025\/05\/sustainability-01-50x50.jpg 50w\" sizes=\"auto, (max-width: 672px) 100vw, 672px\" \/><\/figure>\n<\/div>\n\n\n\n<div class=\"col-xl-8\">\n<h3 class=\"wp-block-heading\"><strong><strong>Sembrando Esperanza en los Andes<\/strong><\/strong><\/h3>\n\n\n\n<p class=\"has-gris-color has-text-color has-link-color h6 wp-elements-abf703e55716c4e56de178f5902965e9\">Por cada par de zapatillas FSV Barefoot que compras, sembramos un \u00e1rbol en los Andes del Per\u00fa.<\/p>\n\n\n\n<p class=\"has-gris-color has-text-color has-link-color h6 wp-elements-552b05cb72870e41c7fa3516a6396430\">Esta iniciativa, en colaboraci\u00f3n con la comunidad local de Huancavelica, ayuda a:<\/p>\n\n\n\n<ul class=\"wp-block-list has-gris-color has-text-color has-link-color h6 wp-elements-b88301838de4c6d4ff0724c319e42e84\">\n<li>Restaurar los bosques andinos<\/li>\n\n\n\n<li>Combatir la deforestaci\u00f3n<\/li>\n\n\n\n<li>Contribuir a la biodiversidad<\/li>\n\n\n\n<li>Proteger los suelos<\/li>\n\n\n\n<li>Impulsar el desarrollo de las comunidades locales<\/li>\n<\/ul>\n<\/div>\n<\/div>\n\n\n\n<div class=\"row align-items-center gy-4 mb-5\">\n<div class=\"col-xl-4\">\n<figure class=\"wp-block-image size-full\"><img loading=\"lazy\" decoding=\"async\" width=\"671\" height=\"671\" src=\"https:\/\/www.fsvbarefoot.com\/wp-content\/uploads\/2025\/05\/sustainability-02.jpg\" alt=\"\" class=\"wp-image-1031\" srcset=\"https:\/\/www.fsvbarefoot.com\/wp-content\/uploads\/2025\/05\/sustainability-02.jpg 671w, https:\/\/www.fsvbarefoot.com\/wp-content\/uploads\/2025\/05\/sustainability-02-220x220.jpg 220w, https:\/\/www.fsvbarefoot.com\/wp-content\/uploads\/2025\/05\/sustainability-02-450x450.jpg 450w, https:\/\/www.fsvbarefoot.com\/wp-content\/uploads\/2025\/05\/sustainability-02-300x300.jpg 300w, https:\/\/www.fsvbarefoot.com\/wp-content\/uploads\/2025\/05\/sustainability-02-600x600.jpg 600w, https:\/\/www.fsvbarefoot.com\/wp-content\/uploads\/2025\/05\/sustainability-02-100x100.jpg 100w, https:\/\/www.fsvbarefoot.com\/wp-content\/uploads\/2025\/05\/sustainability-02-50x50.jpg 50w\" sizes=\"auto, (max-width: 671px) 100vw, 671px\" \/><\/figure>\n<\/div>\n\n\n\n<div class=\"col-xl-8\">\n<h3 class=\"wp-block-heading\"><strong><strong>Apoyo a las Comunidades de Huancavelica<\/strong><\/strong><\/h3>\n\n\n\n<p class=\"has-gris-color has-text-color has-link-color h6 wp-elements-76df1f0962d12bc6fb1e824b4174f354\">Adem\u00e1s de la siembra de \u00e1rboles, trabajamos en proyectos de desarrollo comunitario en Huancavelica.<br>Nuestro enfoque est\u00e1 en:<\/p>\n\n\n\n<ul class=\"wp-block-list has-gris-color has-text-color has-link-color h6 wp-elements-77ea1c373fe8579d6090666576e9efa8\">\n<li>Generar un impacto positivo real<\/li>\n\n\n\n<li>Brindar oportunidades de empleo<\/li>\n\n\n\n<li>Apoyar la educaci\u00f3n<\/li>\n\n\n\n<li>Facilitar el acceso a recursos esenciales<\/li>\n<\/ul>\n\n\n\n<p class=\"has-gris-color has-text-color has-link-color h6 wp-elements-b5a0ddc50065ed08fca4c17ca7c463df\">Creemos que al invertir en las personas, creamos un futuro m\u00e1s sostenible para todos.<\/p>\n<\/div>\n<\/div>\n\n\n\n<div class=\"mb row align-items-center gy-4\">\n<div class=\"col-xl-4\">\n<figure class=\"wp-block-image size-full\"><img loading=\"lazy\" decoding=\"async\" width=\"671\" height=\"671\" src=\"https:\/\/www.fsvbarefoot.com\/wp-content\/uploads\/2025\/05\/sustainability-03.jpg\" alt=\"\" class=\"wp-image-1032\" srcset=\"https:\/\/www.fsvbarefoot.com\/wp-content\/uploads\/2025\/05\/sustainability-03.jpg 671w, https:\/\/www.fsvbarefoot.com\/wp-content\/uploads\/2025\/05\/sustainability-03-220x220.jpg 220w, https:\/\/www.fsvbarefoot.com\/wp-content\/uploads\/2025\/05\/sustainability-03-450x450.jpg 450w, https:\/\/www.fsvbarefoot.com\/wp-content\/uploads\/2025\/05\/sustainability-03-300x300.jpg 300w, https:\/\/www.fsvbarefoot.com\/wp-content\/uploads\/2025\/05\/sustainability-03-600x600.jpg 600w, https:\/\/www.fsvbarefoot.com\/wp-content\/uploads\/2025\/05\/sustainability-03-100x100.jpg 100w, https:\/\/www.fsvbarefoot.com\/wp-content\/uploads\/2025\/05\/sustainability-03-50x50.jpg 50w\" sizes=\"auto, (max-width: 671px) 100vw, 671px\" \/><\/figure>\n<\/div>\n\n\n\n<div class=\"col-xl-8\">\n<h3 class=\"wp-block-heading\"><strong><strong>Nuestra Promesa de Sostenibilidad<\/strong><\/strong><\/h3>\n\n\n\n<p class=\"has-gris-color has-text-color has-link-color h6 wp-elements-9ff92792289862bd329e0f4ef8c79254\">Nos comprometemos a:<\/p>\n\n\n\n<ul class=\"wp-block-list has-gris-color has-text-color has-link-color h6 wp-elements-8eb59906ee937c5ec8642c2a5bd93782\">\n<li>Utilizar materiales sostenibles y respetuosos con el medio ambiente<\/li>\n\n\n\n<li>Reducir nuestra huella de carbono en la producci\u00f3n y el transporte<\/li>\n\n\n\n<li>Trabajar con proveedores \u00e9ticos y responsables<\/li>\n\n\n\n<li>Apoyar proyectos de reforestaci\u00f3n y desarrollo comunitario<\/li>\n<\/ul>\n<\/div>\n<\/div>\n\n\n\n<h2 class=\"wp-block-heading has-text-align-center h3\"><strong><strong>\u00danete a Nuestra Misi\u00f3n<\/strong><\/strong><\/h2>\n\n\n\n<p class=\"has-text-align-center has-gris-color has-text-color has-link-color h6 wp-elements-aff564e240d72ea739f06d7e7aebfaa0\">Cuando compras FSV Barefoot, no solo adquieres un calzado de calidad, sino que tambi\u00e9n contribuyes activamente a un futuro m\u00e1s verde.<br><strong>Juntos, podemos marcar la diferencia.<\/strong><\/p>\n\n<\/div>\n      <\/div>\n    <\/div>\n  <\/div>\n<\/section><\/div>","protected":false},"excerpt":{"rendered":"","protected":false},"author":1,"featured_media":0,"parent":0,"menu_order":0,"comment_status":"closed","ping_status":"closed","template":"","meta":{"inline_featured_image":false,"footnotes":""},"class_list":["post-924","page","type-page","status-publish","hentry"],"acf":[],"_links":{"self":[{"href":"https:\/\/www.fsvbarefoot.com\/es\/wp-json\/wp\/v2\/pages\/924","targetHints":{"allow":["GET"]}}],"collection":[{"href":"https:\/\/www.fsvbarefoot.com\/es\/wp-json\/wp\/v2\/pages"}],"about":[{"href":"https:\/\/www.fsvbarefoot.com\/es\/wp-json\/wp\/v2\/types\/page"}],"author":[{"embeddable":true,"href":"https:\/\/www.fsvbarefoot.com\/es\/wp-json\/wp\/v2\/users\/1"}],"replies":[{"embeddable":true,"href":"https:\/\/www.fsvbarefoot.com\/es\/wp-json\/wp\/v2\/comments?post=924"}],"version-history":[{"count":9,"href":"https:\/\/www.fsvbarefoot.com\/es\/wp-json\/wp\/v2\/pages\/924\/revisions"}],"predecessor-version":[{"id":1085,"href":"https:\/\/www.fsvbarefoot.com\/es\/wp-json\/wp\/v2\/pages\/924\/revisions\/1085"}],"wp:attachment":[{"href":"https:\/\/www.fsvbarefoot.com\/es\/wp-json\/wp\/v2\/media?parent=924"}],"curies":[{"name":"wp","href":"https:\/\/api.w.org\/{rel}","templated":true}]}}