{"id":922,"date":"2025-05-29T12:13:13","date_gmt":"2025-05-29T17:13:13","guid":{"rendered":"https:\/\/www.fsvbarefoot.com\/?page_id=922"},"modified":"2025-05-30T14:54:07","modified_gmt":"2025-05-30T19:54:07","slug":"about-us","status":"publish","type":"page","link":"https:\/\/www.fsvbarefoot.com\/es\/about-us\/","title":{"rendered":"Nosotros"},"content":{"rendered":"<div class=\"lazyblock-block-page-header-TVamo wp-block-lazyblock-block-page-header\"><header class=\"block_page_header position-relative bg-\">\r\n\t<figure class=\"mb-0 block_image\">\r\n\t  <img loading=\"lazy\" decoding=\"async\" width=\"1920\" height=\"550\" src=\"https:\/\/www.fsvbarefoot.com\/wp-content\/uploads\/2025\/05\/aboutus.jpg\" class=\"img-fit wvs-archive-product-image\" alt=\"\" srcset=\"https:\/\/www.fsvbarefoot.com\/wp-content\/uploads\/2025\/05\/aboutus.jpg 1920w, https:\/\/www.fsvbarefoot.com\/wp-content\/uploads\/2025\/05\/aboutus-980x281.jpg 980w, https:\/\/www.fsvbarefoot.com\/wp-content\/uploads\/2025\/05\/aboutus-768x220.jpg 768w, https:\/\/www.fsvbarefoot.com\/wp-content\/uploads\/2025\/05\/aboutus-1536x440.jpg 1536w, https:\/\/www.fsvbarefoot.com\/wp-content\/uploads\/2025\/05\/aboutus-600x172.jpg 600w\" sizes=\"auto, (max-width: 1920px) 100vw, 1920px\" \/>\t<\/figure>\r\n\t<div class=\"block_content py d-flex flex-wrap align-items-center\">\r\n\t  <div class=\"lazyblock-inner-blocks\"><\/div>\r\n\t<\/div>\r\n<\/header><\/div>\n\n<div class=\"lazyblock-block-section-1kECEB wp-block-lazyblock-block-section\"><section class=\"block_section position-relative py bg-\">\n  <div class=\"container\">\n    <div class=\"row\">\n      <div class=\"col-12\">\n        <div class=\"lazyblock-inner-blocks\">\n\n<h2 class=\"wp-block-heading has-text-align-center h3\"><strong>Sobre nosotros<\/strong><\/h2>\n\n\n\n<p class=\"has-text-align-center mb has-gris-color has-text-color has-link-color h6 wp-elements-2dce4ee9eef4f31d4e8c31811582db09\">Somos una marca de calzado minimalista que promueve un movimiento natural y saludable, priorizando la experiencia de caminar descalzo para fortalecer los m\u00fasculos del pie y mejorar la postura. Nuestro objetivo es combinar estilo, calidad, funcionalidad y durabilidad en nuestros productos.<\/p>\n\n\n\n<div class=\"mb row justify-content-center\">\n<div class=\"col-lg-6 col-xl-4 col-md-8\">\n<figure class=\"wp-block-video\"><video height=\"2560\" style=\"aspect-ratio: 1440 \/ 2560;\" width=\"1440\" controls src=\"https:\/\/www.fsvbarefoot.com\/wp-content\/uploads\/2025\/05\/InShot_20250502_225846977.mp4\"><\/video><\/figure>\n<\/div>\n<\/div>\n\n\n\n<div class=\"row align-items-center gy-4 mb-5 mb-xl-0\">\n<div class=\"col-xl-4\">\n<figure class=\"wp-block-image size-full\"><img loading=\"lazy\" decoding=\"async\" width=\"540\" height=\"540\" src=\"https:\/\/www.fsvbarefoot.com\/wp-content\/uploads\/2025\/05\/about-01.jpg\" alt=\"\" class=\"wp-image-1021\" srcset=\"https:\/\/www.fsvbarefoot.com\/wp-content\/uploads\/2025\/05\/about-01.jpg 540w, https:\/\/www.fsvbarefoot.com\/wp-content\/uploads\/2025\/05\/about-01-220x220.jpg 220w, https:\/\/www.fsvbarefoot.com\/wp-content\/uploads\/2025\/05\/about-01-450x450.jpg 450w, https:\/\/www.fsvbarefoot.com\/wp-content\/uploads\/2025\/05\/about-01-300x300.jpg 300w, https:\/\/www.fsvbarefoot.com\/wp-content\/uploads\/2025\/05\/about-01-100x100.jpg 100w, https:\/\/www.fsvbarefoot.com\/wp-content\/uploads\/2025\/05\/about-01-50x50.jpg 50w\" sizes=\"auto, (max-width: 540px) 100vw, 540px\" \/><\/figure>\n<\/div>\n\n\n\n<div class=\"col-xl-8\">\n<h3 class=\"wp-block-heading\"><strong>Prop\u00f3sito<\/strong><\/h3>\n\n\n\n<p class=\"has-gris-color has-text-color has-link-color h6 wp-elements-3d7fd4b28e985cb8c1304e657b95b091\">Nuestros zapatos fueron creados con el prop\u00f3sito de volver a nuestras ra\u00edces.<br>Queremos generar conciencia sobre c\u00f3mo los calzados con tacones altos y suelas gruesas alteran nuestra postura natural y desactivan la capacidad sensorial del pie.<\/p>\n<\/div>\n<\/div>\n\n\n\n<div class=\"row align-items-center gy-4\">\n<div class=\"col-xl-4 order-xl-2\">\n<figure class=\"wp-block-image size-full\"><img loading=\"lazy\" decoding=\"async\" width=\"540\" height=\"540\" src=\"https:\/\/www.fsvbarefoot.com\/wp-content\/uploads\/2025\/05\/about-02.jpg\" alt=\"\" class=\"wp-image-1022\" srcset=\"https:\/\/www.fsvbarefoot.com\/wp-content\/uploads\/2025\/05\/about-02.jpg 540w, https:\/\/www.fsvbarefoot.com\/wp-content\/uploads\/2025\/05\/about-02-220x220.jpg 220w, https:\/\/www.fsvbarefoot.com\/wp-content\/uploads\/2025\/05\/about-02-450x450.jpg 450w, https:\/\/www.fsvbarefoot.com\/wp-content\/uploads\/2025\/05\/about-02-300x300.jpg 300w, https:\/\/www.fsvbarefoot.com\/wp-content\/uploads\/2025\/05\/about-02-100x100.jpg 100w, https:\/\/www.fsvbarefoot.com\/wp-content\/uploads\/2025\/05\/about-02-50x50.jpg 50w\" sizes=\"auto, (max-width: 540px) 100vw, 540px\" \/><\/figure>\n<\/div>\n\n\n\n<div class=\"col-xl-8 order-xl-1\">\n<h3 class=\"wp-block-heading\"><strong>Caracter\u00edsticas<\/strong><\/h3>\n\n\n\n<p class=\"has-gris-color has-text-color has-link-color h6 wp-elements-736e26720825589f4b09b1e9625b48ce\">Los barefoot de FSV tienen una suela plana, flexible y una puntera ancha.<br>Permiten recuperar nuestra postura natural y que el pie act\u00fae como el sensor clave que est\u00e1 dise\u00f1ado para ser.<\/p>\n\n\n\n<p class=\"has-gris-color has-text-color has-link-color h6 wp-elements-8ef7760a25745ae2ac9007b678498ca7\">Ayudan a fortalecer los m\u00fasculos intr\u00ednsecos del pie, previenen lesiones, evitan juanetes y otras deformaciones estructurales provocadas por el calzado tradicional.<\/p>\n<\/div>\n<\/div>\n\n<\/div>\n      <\/div>\n    <\/div>\n  <\/div>\n<\/section><\/div>\n\n\n<div class=\"row gx-0\">\n<div class=\"col-xl-4 col-12\"><div class=\"lazyblock-button-banner-yvang wp-block-lazyblock-button-banner\"><article class=\"card_buttonbanner position-relative\">\r\n\t<figure class=\"mb-0 card_image\">\r\n\t  <img loading=\"lazy\" decoding=\"async\" width=\"720\" height=\"897\" src=\"https:\/\/www.fsvbarefoot.com\/wp-content\/uploads\/2025\/05\/about-banner-01.jpg\" class=\"img-fluid w-100 wvs-archive-product-image\" alt=\"\" srcset=\"https:\/\/www.fsvbarefoot.com\/wp-content\/uploads\/2025\/05\/about-banner-01.jpg 720w, https:\/\/www.fsvbarefoot.com\/wp-content\/uploads\/2025\/05\/about-banner-01-600x748.jpg 600w\" sizes=\"auto, (max-width: 720px) 100vw, 720px\" \/>\t<\/figure>\r\n\t<div class=\"card_content d-flex flex-wrap align-items-center\">\r\n\t\t<div class=\"w-100\">\r\n\t\t  <div class=\"lazyblock-inner-blocks\">\n\n<h4 class=\"wp-block-heading has-text-align-center has-white-color has-text-color has-link-color wp-elements-b84f2778d6b31c969477abeb2e3ba912\"><strong><span class=\"text-uppercase\">Activa tus m\u00fasculos<\/span><\/strong><\/h4>\n\n\n\n<p class=\"has-text-align-center has-white-color has-text-color has-link-color h6 wp-elements-bf34a3442c845c9a59a8beae812c48e1\">Los barefoot activan los m\u00fasculos intr\u00ednsecos de tus pies y promueven su fuerza natural.<\/p>\n\n<\/div>\r\n\t\t<\/div>\r\n\t<\/div>\r\n<\/article><\/div><\/div>\n\n\n\n<div class=\"col-xl-4 col-12\"><div class=\"lazyblock-button-banner-Zo3VJA wp-block-lazyblock-button-banner\"><article class=\"card_buttonbanner position-relative\">\r\n\t<figure class=\"mb-0 card_image\">\r\n\t  <img loading=\"lazy\" decoding=\"async\" width=\"720\" height=\"897\" src=\"https:\/\/www.fsvbarefoot.com\/wp-content\/uploads\/2025\/05\/about-banner-02.jpg\" class=\"img-fluid w-100 wvs-archive-product-image\" alt=\"\" srcset=\"https:\/\/www.fsvbarefoot.com\/wp-content\/uploads\/2025\/05\/about-banner-02.jpg 720w, https:\/\/www.fsvbarefoot.com\/wp-content\/uploads\/2025\/05\/about-banner-02-600x748.jpg 600w\" sizes=\"auto, (max-width: 720px) 100vw, 720px\" \/>\t<\/figure>\r\n\t<div class=\"card_content d-flex flex-wrap align-items-center\">\r\n\t\t<div class=\"w-100\">\r\n\t\t  <div class=\"lazyblock-inner-blocks\">\n\n<h4 class=\"wp-block-heading has-text-align-center has-white-color has-text-color has-link-color wp-elements-835b3ed13414944202e42f316af19004\"><strong><span class=\"text-uppercase\">Mejora tu estabilidad<\/span><\/strong><\/h4>\n\n\n\n<p class=\"has-text-align-center has-white-color has-text-color has-link-color h6 wp-elements-65e89b14098a2d06e294b463f49f0578\">Fortalece tus pies para mejorar el equilibrio, la estabilidad y la propiocepci\u00f3n.<\/p>\n\n<\/div>\r\n\t\t<\/div>\r\n\t<\/div>\r\n<\/article><\/div><\/div>\n\n\n\n<div class=\"col-xl-4 col-12\"><div class=\"lazyblock-button-banner-1VDFwL wp-block-lazyblock-button-banner\"><article class=\"card_buttonbanner position-relative\">\r\n\t<figure class=\"mb-0 card_image\">\r\n\t  <img loading=\"lazy\" decoding=\"async\" width=\"720\" height=\"897\" src=\"https:\/\/www.fsvbarefoot.com\/wp-content\/uploads\/2025\/05\/about-banner-03.jpg\" class=\"img-fluid w-100 wvs-archive-product-image\" alt=\"\" srcset=\"https:\/\/www.fsvbarefoot.com\/wp-content\/uploads\/2025\/05\/about-banner-03.jpg 720w, https:\/\/www.fsvbarefoot.com\/wp-content\/uploads\/2025\/05\/about-banner-03-600x748.jpg 600w\" sizes=\"auto, (max-width: 720px) 100vw, 720px\" \/>\t<\/figure>\r\n\t<div class=\"card_content d-flex flex-wrap align-items-center\">\r\n\t\t<div class=\"w-100\">\r\n\t\t  <div class=\"lazyblock-inner-blocks\">\n\n<h4 class=\"wp-block-heading has-text-align-center has-white-color has-text-color has-link-color wp-elements-7652998476233b828ec8c523def3fd26\"><strong><span class=\"text-uppercase\">Comodidad todo el d\u00eda<\/span><\/strong><\/h4>\n\n\n\n<p class=\"has-text-align-center has-white-color has-text-color has-link-color h6 wp-elements-0c08766949959ed5ec3ce0452456cd56\">Dise\u00f1ados para brindar m\u00e1xima comodidad, vayas donde vayas.<br>Estilo sin esfuerzo que combina con cualquier outfit.<\/p>\n\n<\/div>\r\n\t\t<\/div>\r\n\t<\/div>\r\n<\/article><\/div><\/div>\n<\/div>","protected":false},"excerpt":{"rendered":"<p class=\"qtranxs-available-languages-message qtranxs-available-languages-message-es\">Disculpa, pero esta entrada est\u00e1 disponible s\u00f3lo en <a href=\"https:\/\/www.fsvbarefoot.com\/en\/wp-json\/wp\/v2\/pages\/922\" class=\"qtranxs-available-language-link qtranxs-available-language-link-en\" title=\"English\">English<\/a>.<\/p>\n","protected":false},"author":1,"featured_media":0,"parent":0,"menu_order":0,"comment_status":"closed","ping_status":"closed","template":"","meta":{"inline_featured_image":false,"footnotes":""},"class_list":["post-922","page","type-page","status-publish","hentry"],"acf":[],"_links":{"self":[{"href":"https:\/\/www.fsvbarefoot.com\/es\/wp-json\/wp\/v2\/pages\/922","targetHints":{"allow":["GET"]}}],"collection":[{"href":"https:\/\/www.fsvbarefoot.com\/es\/wp-json\/wp\/v2\/pages"}],"about":[{"href":"https:\/\/www.fsvbarefoot.com\/es\/wp-json\/wp\/v2\/types\/page"}],"author":[{"embeddable":true,"href":"https:\/\/www.fsvbarefoot.com\/es\/wp-json\/wp\/v2\/users\/1"}],"replies":[{"embeddable":true,"href":"https:\/\/www.fsvbarefoot.com\/es\/wp-json\/wp\/v2\/comments?post=922"}],"version-history":[{"count":10,"href":"https:\/\/www.fsvbarefoot.com\/es\/wp-json\/wp\/v2\/pages\/922\/revisions"}],"predecessor-version":[{"id":1087,"href":"https:\/\/www.fsvbarefoot.com\/es\/wp-json\/wp\/v2\/pages\/922\/revisions\/1087"}],"wp:attachment":[{"href":"https:\/\/www.fsvbarefoot.com\/es\/wp-json\/wp\/v2\/media?parent=922"}],"curies":[{"name":"wp","href":"https:\/\/api.w.org\/{rel}","templated":true}]}}